{"id":2123,"date":"2025-07-29T17:43:35","date_gmt":"2025-07-29T17:43:35","guid":{"rendered":"https:\/\/knockstar.com\/website_35eb7b8d\/?post_type=product&#038;p=2123"},"modified":"2025-08-27T18:48:06","modified_gmt":"2025-08-27T18:48:06","slug":"green-cards","status":"publish","type":"product","link":"https:\/\/knockstar.com\/es\/producto\/green-cards\/","title":{"rendered":"Green Cards"},"content":{"rendered":"<div class=\"et_pb_module et_pb_wc_description et_pb_wc_description_0_tb_body et_pb_bg_layout_light et_pb_text_align_left\">\n<div class=\"et_pb_module_inner\">\n<p><b>\u00a1ESPEC\u00cdFICAMENTE PARA LA INDUSTRIA SOLAR!<\/b><\/p>\n<p>&nbsp;<\/p>\n<p><b>Usar las Knock Cards para dominar c\u00f3mo superar las objeciones m\u00e1s comunes en las ventas puerta a puerta es como tomar la pastilla roja en Matrix.\u00a0<\/b><\/p>\n<p>&nbsp;<\/p>\n<p><b>Te abrir\u00e1 los ojos a c\u00f3mo los mejores l\u00edderes de ventas construyen su imperio, todo gracias a perfeccionar lo \u00fanico que est\u00e1 impidiendo que tu carrera de ventas \u201cbuena\u201d se vuelva realmente \u201cexcelente\u201d.<\/b><\/p>\n<p>&nbsp;<\/p>\n<p><b>\u00bfQuieres Las \u201cTarjetas Secretas\u201d Que Simplifican El Proceso De Ventas Puerta A Puerta\u00a0<\/b><b><i>Instant\u00e1neamente<\/i><\/b>\u00a0<b>Sin Comprometer Ninguna Venta ni Dejar Dinero Sobre la Mesa?<\/b><\/p>\n<p><b>Conseguir estas tarjetas podr\u00eda marcar la diferencia entre tener tu mejor racha de ventas hasta la fecha o volver a casa con el plato vac\u00edo\u2026<\/b><\/p>\n<p><i>\u201c<\/i><i>Comenc\u00e9 en la industria puerta a puerta en 2011. He vendido control de plagas, alarmas y ahora energ\u00eda solar.\u00a0<\/i><i>Aunque he tenido mucho \u00e9xito en producci\u00f3n a lo largo de los a\u00f1os, me costaba superar mis mejores semanas. El entrenamiento aplicado de Knockstar University me ayud\u00f3 a romper mi r\u00e9cord con 23 pr\u00e9stamos solares cerrados.\u201d \u2013 Jared Ioelu<\/i><\/p>\n<\/div>\n<\/div>","protected":false},"excerpt":{"rendered":"<p>SPECIFICALLY FOR THE SOLAR INDUSTRY! &nbsp; Using Knock Cards to master overcoming the most popular objections in door-to-door sales is kinda like taking the red pill in the Matrix.\u00a0 &nbsp; It\u2019ll open your eyes to the way top sales leaders build their empire, all thanks to perfecting the only thing keeping your \u201cgood\u201d sales career [&hellip;]<\/p>\n","protected":false},"featured_media":2128,"comment_status":"closed","ping_status":"closed","template":"","meta":{"nf_dc_page":"","_et_pb_use_builder":"","_et_pb_old_content":"","_et_gb_content_width":""},"product_brand":[],"product_cat":[24,23,42],"product_tag":[],"class_list":{"0":"post-2123","1":"product","2":"type-product","3":"status-publish","4":"has-post-thumbnail","6":"product_cat-gear","7":"product_cat-guides","8":"product_cat-mainproducts","10":"first","11":"instock","12":"featured","13":"shipping-taxable","14":"purchasable","15":"product-type-simple"},"_links":{"self":[{"href":"https:\/\/knockstar.com\/es\/wp-json\/wp\/v2\/product\/2123","targetHints":{"allow":["GET"]}}],"collection":[{"href":"https:\/\/knockstar.com\/es\/wp-json\/wp\/v2\/product"}],"about":[{"href":"https:\/\/knockstar.com\/es\/wp-json\/wp\/v2\/types\/product"}],"replies":[{"embeddable":true,"href":"https:\/\/knockstar.com\/es\/wp-json\/wp\/v2\/comments?post=2123"}],"wp:featuredmedia":[{"embeddable":true,"href":"https:\/\/knockstar.com\/es\/wp-json\/wp\/v2\/media\/2128"}],"wp:attachment":[{"href":"https:\/\/knockstar.com\/es\/wp-json\/wp\/v2\/media?parent=2123"}],"wp:term":[{"taxonomy":"product_brand","embeddable":true,"href":"https:\/\/knockstar.com\/es\/wp-json\/wp\/v2\/product_brand?post=2123"},{"taxonomy":"product_cat","embeddable":true,"href":"https:\/\/knockstar.com\/es\/wp-json\/wp\/v2\/product_cat?post=2123"},{"taxonomy":"product_tag","embeddable":true,"href":"https:\/\/knockstar.com\/es\/wp-json\/wp\/v2\/product_tag?post=2123"}],"curies":[{"name":"wp","href":"https:\/\/api.w.org\/{rel}","templated":true}]}}