{"id":2140,"date":"2025-07-29T19:06:12","date_gmt":"2025-07-29T19:06:12","guid":{"rendered":"https:\/\/knockstar.com\/?post_type=product&#038;p=2140"},"modified":"2025-08-04T15:16:31","modified_gmt":"2025-08-04T15:16:31","slug":"ppa-slicks-spanish","status":"publish","type":"product","link":"https:\/\/knockstar.com\/es\/producto\/ppa-slicks-spanish\/","title":{"rendered":"PPA Slicks \u2013 Espa\u00f1ol"},"content":{"rendered":"<h2>Descripci\u00f3n<\/h2>\n<p><b>PPA Acuerdo de Compra de Energ\u00eda<br \/>\n<\/b><b>(5) Ayudas Visuales Doble Cara<br \/>\n10 Ayudas Visuales de PPA en Total<br \/>\nCada ayuda visual laminada y de doble cara MUESTRA al cliente disparadores espec\u00edficos relacionados con tu oferta de producto en las puertas, lo que genera valor en SU mente.<br \/>\n<\/b><b><\/b><b> \u201cYo uso estas ayudas visuales para ayudar a las familias a entender visualmente el servicio que ofrecemos. Har\u00e1n que tu proceso de ventas sea m\u00e1s simple al instante, sin dejar al propietario confundido ni dejar dinero sobre la mesa. Ellos aprenden no solo escuchando, sino tambi\u00e9n viendo, y procesan una imagen 1000 veces m\u00e1s r\u00e1pido que las palabras.\"<\/b><\/p>","protected":false},"excerpt":{"rendered":"<p>Description PPA Power Purchase Agreement (5) Double-Sided Visual Aids 10 PPA Visual Aids Total Each double-sided, laminated visual aid SHOWS the customer-specific triggers related to your product offering on the doors that builds value in THEIR mind. \u201cI use these visual aids to help families visually understand the service we offer you\u2019ll instantly make your [&hellip;]<\/p>\n","protected":false},"featured_media":2141,"comment_status":"closed","ping_status":"closed","template":"","meta":{"nf_dc_page":"","_et_pb_use_builder":"","_et_pb_old_content":"","_et_gb_content_width":""},"product_brand":[],"product_cat":[24,23],"product_tag":[],"class_list":{"0":"post-2140","1":"product","2":"type-product","3":"status-publish","4":"has-post-thumbnail","6":"product_cat-gear","7":"product_cat-guides","9":"first","10":"instock","11":"featured","12":"shipping-taxable","13":"purchasable","14":"product-type-simple"},"_links":{"self":[{"href":"https:\/\/knockstar.com\/es\/wp-json\/wp\/v2\/product\/2140","targetHints":{"allow":["GET"]}}],"collection":[{"href":"https:\/\/knockstar.com\/es\/wp-json\/wp\/v2\/product"}],"about":[{"href":"https:\/\/knockstar.com\/es\/wp-json\/wp\/v2\/types\/product"}],"replies":[{"embeddable":true,"href":"https:\/\/knockstar.com\/es\/wp-json\/wp\/v2\/comments?post=2140"}],"wp:featuredmedia":[{"embeddable":true,"href":"https:\/\/knockstar.com\/es\/wp-json\/wp\/v2\/media\/2141"}],"wp:attachment":[{"href":"https:\/\/knockstar.com\/es\/wp-json\/wp\/v2\/media?parent=2140"}],"wp:term":[{"taxonomy":"product_brand","embeddable":true,"href":"https:\/\/knockstar.com\/es\/wp-json\/wp\/v2\/product_brand?post=2140"},{"taxonomy":"product_cat","embeddable":true,"href":"https:\/\/knockstar.com\/es\/wp-json\/wp\/v2\/product_cat?post=2140"},{"taxonomy":"product_tag","embeddable":true,"href":"https:\/\/knockstar.com\/es\/wp-json\/wp\/v2\/product_tag?post=2140"}],"curies":[{"name":"wp","href":"https:\/\/api.w.org\/{rel}","templated":true}]}}