{"id":2142,"date":"2025-07-29T19:09:46","date_gmt":"2025-07-29T19:09:46","guid":{"rendered":"https:\/\/knockstar.com\/?post_type=product&#038;p=2142"},"modified":"2026-02-28T18:11:47","modified_gmt":"2026-02-28T18:11:47","slug":"blue-cards","status":"publish","type":"product","link":"https:\/\/knockstar.com\/es\/producto\/blue-cards\/","title":{"rendered":"Blue Cards"},"content":{"rendered":"<div class=\"et_pb_module et_pb_wc_description et_pb_wc_description_0_tb_body et_pb_bg_layout_light et_pb_text_align_left\">\n<div class=\"et_pb_module_inner\">\n<h2>Descripci\u00f3n<\/h2>\n<p><b>\u00bfQuieres las \u201cTarjetas de Presentaci\u00f3n D2D\u201d que Simplifican el Proceso de Ventas en la Puerta\u00a0<\/b><b><i>Instant\u00e1neamente<\/i><\/b>\u00a0<b>Sin Comprometer Ninguna Venta ni Dejar Dinero Sobre la Mesa?<\/b> <b>Conseguir estas tarjetas podr\u00eda marcar la diferencia entre tener tu mejor racha de ventas hasta la fecha o volver a casa con el plato vac\u00edo\u2026<\/b> <b>\u201cEn las ventas puerta a puerta, tienes dos desventajas en tu contra.<\/b> <b>Comprar no es un deporte de espectadores, es un deporte de participaci\u00f3n. Algunos vendedores y entrenadores de ventas llaman a la presentaci\u00f3n un \u201cpitch\u201d, pero \u201cpitch\u201d es una palabra desagradable que har\u00e1 que los compradores recuerden malas experiencias de ventas pasadas.<\/b> <b>Mi objetivo durante una presentaci\u00f3n es ser din\u00e1mico, generar curiosidad a trav\u00e9s de la indiferencia, la claridad, la repetici\u00f3n, la convicci\u00f3n, la energ\u00eda y la combinaci\u00f3n de mi sincero deseo de servir.\"<\/b><\/p>\n<\/div>\n<\/div>","protected":false},"excerpt":{"rendered":"<p>Description Want The \u201cD2D Presentation Cards\u201d That Simplify The Sales Process On The Doors\u00a0Instantly\u00a0Without Compromising Every Deal Or Leaving Money On The Table? Getting these cards could be the difference between finally having your best sales streak to date or going home to eat from an empty plate\u2026 \u201cIn door to door sales you have [&hellip;]<\/p>\n","protected":false},"featured_media":2726,"comment_status":"closed","ping_status":"closed","template":"","meta":{"nf_dc_page":"","_et_pb_use_builder":"off","_et_pb_old_content":"<div class=\"et_pb_module et_pb_wc_description et_pb_wc_description_0_tb_body et_pb_bg_layout_light et_pb_text_align_left\">\r\n<div class=\"et_pb_module_inner\">\r\n<h2>Description<\/h2>\r\n<b>Want The \u201cD2D Presentation Cards\u201d That Simplify The Sales Process On The Doors\u00a0<\/b><b><i>Instantly<\/i><\/b>\u00a0<b>Without Compromising Every Deal Or Leaving Money On The Table?<\/b>\r\n\r\n<b>Getting these cards could be the difference between finally having your best sales streak to date or going home to eat from an empty plate\u2026<\/b>\r\n\r\n<b>\u201cIn door to door sales you have two strikes against you<\/b>\r\n\r\n<b>Buying is not a spectator sport it is an involvement sport. Some salesmen and sales trainers refer to a presentation as a pitch, however pitch is a nasty word and will remind buyers of bad past selling experiences.<\/b>\r\n\r\n<b>My goal during a presentation is to be dynamic, create curiosity through indifference, clarity, repetition, belief, energy, and blending my sincere desire to serve\u201d<\/b>\r\n\r\n<\/div>\r\n<\/div>","_et_gb_content_width":""},"product_brand":[],"product_cat":[23,24,42],"product_tag":[],"class_list":{"0":"post-2142","1":"product","2":"type-product","3":"status-publish","4":"has-post-thumbnail","6":"product_cat-guides","7":"product_cat-gear","8":"product_cat-mainproducts","10":"first","11":"instock","12":"featured","13":"shipping-taxable","14":"purchasable","15":"product-type-simple"},"_links":{"self":[{"href":"https:\/\/knockstar.com\/es\/wp-json\/wp\/v2\/product\/2142","targetHints":{"allow":["GET"]}}],"collection":[{"href":"https:\/\/knockstar.com\/es\/wp-json\/wp\/v2\/product"}],"about":[{"href":"https:\/\/knockstar.com\/es\/wp-json\/wp\/v2\/types\/product"}],"replies":[{"embeddable":true,"href":"https:\/\/knockstar.com\/es\/wp-json\/wp\/v2\/comments?post=2142"}],"wp:featuredmedia":[{"embeddable":true,"href":"https:\/\/knockstar.com\/es\/wp-json\/wp\/v2\/media\/2726"}],"wp:attachment":[{"href":"https:\/\/knockstar.com\/es\/wp-json\/wp\/v2\/media?parent=2142"}],"wp:term":[{"taxonomy":"product_brand","embeddable":true,"href":"https:\/\/knockstar.com\/es\/wp-json\/wp\/v2\/product_brand?post=2142"},{"taxonomy":"product_cat","embeddable":true,"href":"https:\/\/knockstar.com\/es\/wp-json\/wp\/v2\/product_cat?post=2142"},{"taxonomy":"product_tag","embeddable":true,"href":"https:\/\/knockstar.com\/es\/wp-json\/wp\/v2\/product_tag?post=2142"}],"curies":[{"name":"wp","href":"https:\/\/api.w.org\/{rel}","templated":true}]}}